{"id":25810,"date":"2020-06-15T06:31:57","date_gmt":"2020-06-15T06:31:57","guid":{"rendered":"https:\/\/www.accessparking.com.mx\/?page_id=25810"},"modified":"2024-05-21T00:14:19","modified_gmt":"2024-05-21T00:14:19","slug":"cableado-estructurado-1","status":"publish","type":"page","link":"https:\/\/www.accessparking.com.mx\/?page_id=25810","title":{"rendered":"CABLEADO ESTRUCTURADO"},"content":{"rendered":"<div class=\"wpb-content-wrapper\"><p>[vc_row el_class=&#8221;z-index&#8221;][vc_column offset=&#8221;vc_hidden-xs&#8221;]<div class=\"clearboth\"><\/div><style>#thegem-divider-69e06d0d51294 {margin-top: -120px !important;}<\/style><div id=\"thegem-divider-69e06d0d51294\" class=\"gem-divider  \" style=\"\" ><\/div>[vc_column_text css_animation=&#8221;none&#8221;]<span style=\"color: #ffffff;\"><a class=\"mouse-scroll scroll-to-anchor\" style=\"color: #ffffff;\" href=\"#details\">mouse<\/a><\/span>[\/vc_column_text]<div class=\"clearboth\"><\/div><style>#thegem-divider-69e06d0d512df {margin-top: -120px !important;}<\/style><div id=\"thegem-divider-69e06d0d512df\" class=\"gem-divider  \" style=\"\" ><\/div><div class=\"clearboth\"><\/div><style>#thegem-divider-69e06d0d512fa {margin-top: -120px !important;}<\/style><div id=\"thegem-divider-69e06d0d512fa\" class=\"gem-divider  \" style=\"\" ><\/div>[\/vc_column][\/vc_row][vc_row el_id=&#8221;details&#8221;][vc_column]<div class=\"clearboth\"><\/div><style>#thegem-divider-69e06d0d5130f {margin-top: 50px !important;}<\/style><div id=\"thegem-divider-69e06d0d5130f\" class=\"gem-divider  \" style=\"\" ><\/div>[vc_column_text css_animation=&#8221;bounceInUp&#8221;]<\/p>\n<h4 style=\"text-align: center;\"><span class=\"light\" style=\"color: #3c3950;\">sERVICIO DE<\/span><\/h4>\n<p>[\/vc_column_text][vc_column_text css_animation=&#8221;bounceInUp&#8221;]<\/p>\n<h1 style=\"text-align: center;\"><span style=\"color: #3c3950;\">CABLEADO ESTRUCTURADO<\/span><\/h1>\n<p>[\/vc_column_text][vc_column_text css_animation=&#8221;bounceInUp&#8221;]<\/p>\n<p style=\"max-width: 650px; margin: 0px auto; text-align: center;\">Sistema de cables, conectores, canalizaciones y dispositivos que permiten establecer una infraestructura de telecomunicaciones en un edificio. La principal ventaja es que est\u00e1 dise\u00f1ado para ser independiente de cualquier proveedor o producto concreto. Cualquier cambio o ampliaci\u00f3n que se produzca en la red o en el equipamiento utilizado se puede realizar a trav\u00e9s de los mismos cables ya instalados.<\/p>\n<p>[\/vc_column_text]<div class=\"clearboth\"><\/div><style>#thegem-divider-69e06d0d51325 {margin-top: 50px !important;}<\/style><div id=\"thegem-divider-69e06d0d51325\" class=\"gem-divider  \" style=\"\" ><\/div>[\/vc_column][\/vc_row][vc_row][vc_column][vc_single_image image=&#8221;25316&#8243; img_size=&#8221;full&#8221;][\/vc_column][\/vc_row][vc_row][vc_column css=&#8221;.vc_custom_1459931183684{padding-top: 0px !important;}&#8221;]<div id=\"fullwidth-block-69e06d0d5138a\" class=\"fullwidth-block clearfix\"  style=\"background-color: #017bc6;padding-top: 60px;padding-bottom: 65px;\"><script type=\"text\/javascript\">if (typeof(gem_fix_fullwidth_position) == \"function\") { gem_fix_fullwidth_position(document.getElementById(\"fullwidth-block-69e06d0d5138a\")); }<\/script><div class=\"fullwidth-block-inner\"><div class=\"container\">[vc_row_inner][vc_column_inner offset=&#8221;vc_col-lg-4 vc_col-md-6 vc_col-xs-12&#8243;]<div class=\"clearboth\"><\/div><style>#thegem-divider-69e06d0d51442 {margin-top: 8px !important;}<\/style><div id=\"thegem-divider-69e06d0d51442\" class=\"gem-divider  \" style=\"\" ><\/div>[vc_single_image image=&#8221;25888&#8243; img_size=&#8221;full&#8221; alignment=&#8221;center&#8221; css_animation=&#8221;bottom-to-top&#8221;][\/vc_column_inner][vc_column_inner offset=&#8221;vc_col-lg-4 vc_col-md-6 vc_col-xs-12&#8243;]<div class=\"clearboth\"><\/div><style>#thegem-divider-69e06d0d5146e {margin-top: 15px !important;}<\/style><div id=\"thegem-divider-69e06d0d5146e\" class=\"gem-divider  \" style=\"\" ><\/div>[vc_column_text css_animation=&#8221;bottom-to-top&#8221;]<\/p>\n<div class=\"styled-subtitle\" style=\"text-align: center;\"><span style=\"color: #ffffff;\">Descubre todos nuestros<br \/>\nProyectos<\/span><\/div>\n<p>[\/vc_column_text][\/vc_column_inner][vc_column_inner offset=&#8221;vc_col-lg-4 vc_col-md-12 vc_col-xs-12&#8243;]<style type=\"text\/css\">.thegem-button-69e06d0d515f24140.lazy-loading-before-start-animation .lazy-loading-item {opacity: 0;} body.thegem-effects-disabled .thegem-button-69e06d0d515f24140.lazy-loading-before-start-animation .lazy-loading-item {opacity: 1;}<\/style><style type=\"text\/css\">.thegem-button-69e06d0d515f24140 .gem-button svg {fill: #ffffff;}.thegem-button-69e06d0d515f24140 .gem-button:hover svg {fill: #2fc5b0;}<\/style><div class=\"gem-button-container gem-button-position-center thegem-button-69e06d0d515f24140     lazy-loading lazy-loading-before-start-animation\"  ><a class=\"gem-button gem-button-size-medium gem-button-style-outline gem-button-text-weight-normal gem-button-border-3 lazy-loading-item\" data-ll-effect=\"drop-right-without-wrap\" style=\"border-radius: 0px;border-color: #ffffff;color: #ffffff;\" onmouseleave=\"this.style.borderColor='#ffffff';this.style.backgroundColor='transparent';this.style.color='#ffffff';\" onmouseenter=\"this.style.backgroundColor='#ffffff';this.style.color='#2fc5b0';\" href=\"https:\/\/www.accessparking.com.mx\/%e2%9c%93-nuestros-proyectos\/\" target=\"_blank\">Ver Proyectos<\/a><\/div> [\/vc_column_inner][\/vc_row_inner]<\/div><\/div><\/div>[\/vc_column][\/vc_row][vc_row css_animation=&#8221;fadeIn&#8221; css=&#8221;.vc_custom_1544788657282{margin-bottom: 0px !important;}&#8221;][vc_column]<div class=\"clearboth\"><\/div><style>#thegem-divider-69e06d0d51687 {margin-top: 50px !important;}<\/style><div id=\"thegem-divider-69e06d0d51687\" class=\"gem-divider  \" style=\"\" ><\/div><div id=\"fullwidth-block-69e06d0d51dcf\" class=\"fullwidth-block fullwidth-block-parallax-vertical clearfix\" data-mobile-parallax-enable=\"0\" style=\"padding-top: 120px;padding-bottom: 100px;\"><script type=\"text\/javascript\">if (typeof(gem_fix_fullwidth_position) == \"function\") { gem_fix_fullwidth_position(document.getElementById(\"fullwidth-block-69e06d0d51dcf\")); }<\/script><div class=\"fullwidth-block-background\" style=\"background-image: url(https:\/\/www.accessparking.com.mx\/wp-content\/uploads\/2020\/06\/contacto-2.jpg);background-position: center top;\"><\/div><div class=\"fullwidth-block-inner\"><div class=\"container\"><div class=\"centered-box\"><div class=\"gem-icon gem-icon-pack-elegant gem-icon-size-medium  gem-icon-shape-circle\"  style=\"border-color: #ffffff;opacity: 1;\"><div class=\"gem-icon-inner\" style=\"\"><a href=\"#\" target=\"_self\"><span class=\"gem-icon-half-1\" style=\"color: #ffffff;\"><span class=\"back-angle\">&#xe104;<\/span><\/span><span class=\"gem-icon-half-2\" style=\"color: #ffffff;\"><span class=\"back-angle\">&#xe104;<\/span><\/span><\/a><\/div><\/div><\/div><div class=\"clearboth\"><\/div><style>#thegem-divider-69e06d0d51f7e {margin-top: 45px !important;}<\/style><div id=\"thegem-divider-69e06d0d51f7e\" class=\"gem-divider  \" style=\"\" ><\/div>[vc_column_text css_animation=&#8221;bounceInUp&#8221;]<\/p>\n<h4 style=\"text-align: center;\"><span class=\"light\" style=\"color: #ffffff;\">\u00bfcu\u00e1l es tu pr\u00f3ximo proyecto?<\/span><\/h4>\n<p>[\/vc_column_text][vc_column_text css_animation=&#8221;bounceInUp&#8221;]<\/p>\n<h1 style=\"text-align: center;\"><span style=\"color: #ffffff;\">\u00a1Escr\u00edbenos!<\/span><\/h1>\n<p>[\/vc_column_text]<div class=\"clearboth\"><\/div><style>#thegem-divider-69e06d0d51f9b {margin-top: 45px !important;}<\/style><div id=\"thegem-divider-69e06d0d51f9b\" class=\"gem-divider  \" style=\"\" ><\/div>\n<div class=\"wpcf7 no-js\" id=\"wpcf7-f25931-o1\" lang=\"en-US\" dir=\"ltr\">\n<div class=\"screen-reader-response\"><p role=\"status\" aria-live=\"polite\" aria-atomic=\"true\"><\/p> <ul><\/ul><\/div>\n<form action=\"\/index.php?rest_route=%2Fwp%2Fv2%2Fpages%2F25810#wpcf7-f25931-o1\" method=\"post\" class=\"wpcf7-form init gem-contact-form-white\" aria-label=\"Contact form\" novalidate=\"novalidate\" data-status=\"init\">\n<div style=\"display: none;\">\n<input type=\"hidden\" name=\"_wpcf7\" value=\"25931\" \/>\n<input type=\"hidden\" name=\"_wpcf7_version\" value=\"5.9.5\" \/>\n<input type=\"hidden\" name=\"_wpcf7_locale\" value=\"en_US\" \/>\n<input type=\"hidden\" name=\"_wpcf7_unit_tag\" value=\"wpcf7-f25931-o1\" \/>\n<input type=\"hidden\" name=\"_wpcf7_container_post\" value=\"0\" \/>\n<input type=\"hidden\" name=\"_wpcf7_posted_data_hash\" value=\"\" \/>\n<\/div>\n<div class=\"row\">\n\n\t<div class=\"form-line col-lg-4 col-md-4 col-xs-12\"><div class=\"gem-form-icon-name\"><span class=\"wpcf7-form-control-wrap\" data-name=\"your-name\"><input size=\"40\" class=\"wpcf7-form-control wpcf7-text wpcf7-validates-as-required\" aria-required=\"true\" aria-invalid=\"false\" placeholder=\"Nombre*\" value=\"\" type=\"text\" name=\"your-name\" \/><\/span><\/div><\/div>\n\n\t<div class=\"form-line col-lg-4 col-md-4 col-xs-12\"><div class=\"gem-form-icon-email\"><span class=\"wpcf7-form-control-wrap\" data-name=\"your-email\"><input size=\"40\" class=\"wpcf7-form-control wpcf7-email wpcf7-validates-as-required wpcf7-text wpcf7-validates-as-email\" aria-required=\"true\" aria-invalid=\"false\" placeholder=\"Correo*\" value=\"\" type=\"email\" name=\"your-email\" \/><\/span><\/div><\/div>\n\n\t<div class=\"form-line col-lg-4 col-md-4 col-xs-12\"><div class=\"gem-form-icon-phone\"><span class=\"wpcf7-form-control-wrap\" data-name=\"your-website\"><input size=\"40\" class=\"wpcf7-form-control wpcf7-text\" aria-invalid=\"false\" placeholder=\"Tel\u00e9fono*\" value=\"\" type=\"text\" name=\"your-website\" \/><\/span><\/div><\/div>\n\n\t<div class=\"form-line col-lg-12 col-md-12 col-xs-12\"><span class=\"wpcf7-form-control-wrap\" data-name=\"your-message\"><textarea cols=\"40\" rows=\"10\" class=\"wpcf7-form-control wpcf7-textarea wpcf7-validates-as-required\" aria-required=\"true\" aria-invalid=\"false\" placeholder=\"Mensaje\" name=\"your-message\"><\/textarea><\/span><\/div>\n\n\t<div class=\"col-lg-12 col-md-12 col-xs-12\"><style type=\"text\/css\">.thegem-button-69e06d0d53a3f9625 .gem-button svg {fill: #2fc5b0;}.thegem-button-69e06d0d53a3f9625 .gem-button:hover svg {fill: #fff;}<\/style><div class=\"gem-button-container gem-button-position-center thegem-button-69e06d0d53a3f9625\"  ><input class=\"gem-button gem-button-size-medium gem-button-style-outline gem-button-text-weight-normal gem-button-border-3 wpcf7-form-control wpcf7-submit has-spinner gem-button-wpcf-custom\" data-ll-effect=\"drop-right-without-wrap\" style=\"border-radius: 3px;border-color: #2fc5b0;color: #2fc5b0;\" onmouseleave=\"this.style.borderColor='#2fc5b0';this.style.backgroundColor='transparent';this.style.color='#2fc5b0';\" onmouseenter=\"this.style.backgroundColor='#2fc5b0';this.style.color='#fff';\" id=\"\" tabindex=\"\" type=\"submit\" value=\"Enviar\" \/><\/div> <\/div>\n\n<\/div><p style=\"display: none !important;\" class=\"akismet-fields-container\" data-prefix=\"_wpcf7_ak_\"><label>&#916;<textarea name=\"_wpcf7_ak_hp_textarea\" cols=\"45\" rows=\"8\" maxlength=\"100\"><\/textarea><\/label><input type=\"hidden\" id=\"ak_js_1\" name=\"_wpcf7_ak_js\" value=\"46\"\/><script>document.getElementById( \"ak_js_1\" ).setAttribute( \"value\", ( new Date() ).getTime() );<\/script><\/p><div class=\"wpcf7-response-output\" aria-hidden=\"true\"><\/div>\n<\/form>\n<\/div>\n<\/div><\/div><\/div>[\/vc_column][\/vc_row]<\/p>\n<\/div>","protected":false},"excerpt":{"rendered":"<p>[vc_row el_class=&#8221;z-index&#8221;][vc_column offset=&#8221;vc_hidden-xs&#8221;][vc_column_text css_animation=&#8221;none&#8221;]mouse[\/vc_column_text][\/vc_column][\/vc_row][vc_row el_id=&#8221;details&#8221;][vc_column][vc_column_text css_animation=&#8221;bounceInUp&#8221;] sERVICIO DE [\/vc_column_text][vc_column_text css_animation=&#8221;bounceInUp&#8221;] CABLEADO ESTRUCTURADO [\/vc_column_text][vc_column_text css_animation=&#8221;bounceInUp&#8221;] Sistema de cables, conectores, canalizaciones y&#8230;<\/p>\n","protected":false},"author":1,"featured_media":0,"parent":0,"menu_order":0,"comment_status":"closed","ping_status":"closed","template":"","meta":{"_joinchat":[],"footnotes":""},"_links":{"self":[{"href":"https:\/\/www.accessparking.com.mx\/index.php?rest_route=\/wp\/v2\/pages\/25810"}],"collection":[{"href":"https:\/\/www.accessparking.com.mx\/index.php?rest_route=\/wp\/v2\/pages"}],"about":[{"href":"https:\/\/www.accessparking.com.mx\/index.php?rest_route=\/wp\/v2\/types\/page"}],"author":[{"embeddable":true,"href":"https:\/\/www.accessparking.com.mx\/index.php?rest_route=\/wp\/v2\/users\/1"}],"replies":[{"embeddable":true,"href":"https:\/\/www.accessparking.com.mx\/index.php?rest_route=%2Fwp%2Fv2%2Fcomments&post=25810"}],"version-history":[{"count":11,"href":"https:\/\/www.accessparking.com.mx\/index.php?rest_route=\/wp\/v2\/pages\/25810\/revisions"}],"predecessor-version":[{"id":26160,"href":"https:\/\/www.accessparking.com.mx\/index.php?rest_route=\/wp\/v2\/pages\/25810\/revisions\/26160"}],"wp:attachment":[{"href":"https:\/\/www.accessparking.com.mx\/index.php?rest_route=%2Fwp%2Fv2%2Fmedia&parent=25810"}],"curies":[{"name":"wp","href":"https:\/\/api.w.org\/{rel}","templated":true}]}}